{"id":252,"date":"2024-01-01T18:12:07","date_gmt":"2024-01-01T17:12:07","guid":{"rendered":"https:\/\/auxsonsdescloches.com\/?page_id=252"},"modified":"2024-12-28T14:40:23","modified_gmt":"2024-12-28T13:40:23","slug":"mentions-legales","status":"publish","type":"page","link":"https:\/\/auxsonsdescloches.com\/it\/mentions-legales\/","title":{"rendered":"Informazioni legali"},"content":{"rendered":"<p class=\"translation-block\">En conformit\u00e9 aux obligations de l\u2019article 6-III et 19 de la Loi n* 2004-575 du 21 juin 2004 relative \u00e0 la Confiance en l\u2019\u00e9conomie num\u00e9rique, dite L.C.E.N., nous informons les utilisateurs du site internet :\u00a0<a href=\"https:\/\/auxsonsdescloches.com\/it\/\" target=\"_blank\" rel=\"noreferrer noopener\">auxsonsdescloches.com<\/a>\u00a0Ces informations ci-dessous :<\/p>\n\n\n\n<p class=\"translation-block\">Le site\u00a0<a href=\"https:\/\/auxsonsdescloches.com\/it\/\" target=\"_blank\" rel=\"noreferrer noopener\">auxsonsdescloches.com<\/a>\u00a0est l\u2019unique propri\u00e9t\u00e9 de\u00a0<strong>Sci<\/strong>\u00a0<strong>Aux Sons des Cloches<\/strong><\/p>\n\n\n\n<h2 class=\"wp-block-heading\"><strong>1. Donn\u00e9es l\u00e9gales :<\/strong><\/h2>\n\n\n\n<p class=\"translation-block\"><strong>Sci<\/strong>\u00a0<strong>Aux Sons des Cloches<\/strong>\u00a0\u2013 Num\u00e9ro de Tel :\u00a0<strong>0615410877<\/strong><\/p>\n\n\n\n<p class=\"has--font-size\"><strong>14 rue Riefeld<\/strong>\u00a0<strong>67290 ROSTEIG<\/strong><br>Iscritta al Registro delle Imprese al numero\u00a0<strong>92029322200013<\/strong><\/p>\n\n\n\n<p class=\"translation-block\">Num. de TVA Intracommunautaire :\u00a0<strong>FR09920293222<\/strong><br>Adresse de messagerie mail :\u00a0<strong><a href=\"mailto:contact@auxsonsdescloches.com?subject=Contactapartirdesmentionslgalesvialesiteauxsonsdescloches.com\" target=\"_self\">contact@auxsonsdescloches.com<\/a><\/strong><br><br>Le Concepteur du site suivant est :\u00a0<strong>BAUER Alexandre<\/strong><br>Directeur de la publication :\u00a0<strong>BAUER Alexandre<\/strong><br>Ou joindre le Responsable de la publication :\u00a0<strong><a href=\"mailto:contact@auxsonsdescloches.com?subject=Contactapartirdesmentionslgalesvialesiteauxsonsdescloches.com\" target=\"_self\">contact@auxsonsdescloches.com<\/a><\/strong><br>Le D\u00e9veloppeur est :\u00a0<strong>BAUER Alexandre<\/strong><br>Ou entrer en contact avec le Webmaster :\u00a0<strong><a href=\"mailto:contact@auxsonsdescloches.com?subject=Contactapartirdesmentionslgalesvialesiteauxsonsdescloches.com\" target=\"_self\">contact@auxsonsdescloches.com<\/a><\/strong><\/p>\n\n\n\n<p class=\"translation-block\">L\u2019hebergeur du site est : <strong>Hostinger<\/strong><br>Registre du commerce et des soci\u00e9t\u00e9s (RCS) \u2013<br>Code APE (NAF) \u2013<br>Num. de TVA : \u2013<br>Si\u00e8ge Sociale de l\u2019h\u00e9bergeur : <strong>HOSTINGER INTERNATIONAL LTD, 61 Lordou Vironos Street, 6023 Larnaca, Chypre<\/strong><\/p>\n\n\n\n<p class=\"translation-block\">Les Mentions L\u00e9gales ont \u00e9t\u00e9 r\u00e9alis\u00e9es via\u00a0<strong><a href=\"https:\/\/www.generateur-de-mentions-legales.com\/\" target=\"_blank\" rel=\"noreferrer noopener\">ce g\u00e9n\u00e9rateur<\/a><\/strong><br><\/p>\n\n\n\n<h2 class=\"wp-block-heading\"><strong>2. Introduction :<\/strong><\/h2>\n\n\n\n<p class=\"translation-block\">Tout internaute qui utilise le site suivant :\u00a0<a href=\"https:\/\/auxsonsdescloches.com\/it\/\" target=\"_blank\" rel=\"noreferrer noopener\">auxsonsdescloches.com<\/a>\u00a0est consid\u00e9r\u00e9 comme utilisateur du site.<br>Le site suivant\u00a0<strong>auxsonsdescloches.com<\/strong>\u00a0regroupe plusieurs services, dans l\u2019\u00e9tat, disponible pour les utilisateur. Il est naturellement pr\u00e9cis\u00e9 que ces derniers doivent rester courtois et faire preuve de bonne foi tant envers les diff\u00e9rents usag\u00e9s qu\u2019envers le Webmaster du site auxsonsdescloches.com. Le site auxsonsdescloches.com est actualis\u00e9 de fa\u00e7on r\u00e9guli\u00e8re par BAUER Alexandre.<br>BAUER Alexandre s\u2019efforce d\u2019indiqu\u00e9 sur le site auxsonsdescloches.com des informations les plus pr\u00e9cises possibles (sous r\u00e9serve de modifications), mais ne saurait garantir l\u2019exactitude, la finitude et l\u2019actualit\u00e9 des informations diffus\u00e9es sur son site web, qu\u2019elles soient de son fait ou du fait des tiers partenaires qui lui fournissent ces informations. En r\u00e9percussion, l\u2019utilisateur reconna\u00eet se servir des informations donn\u00e9es (\u00e0 titre indicatif, non exhaustives et susceptibles d\u2019\u00e9voluer) sous son unique responsabilit\u00e9.<\/p>\n\n\n\n<h2 class=\"wp-block-heading\"><strong>3. Accessibilit\u00e0 Digitale:<\/strong><\/h2>\n\n\n\n<p>Il sito auxsonsdescloches.com \u00e8 accessibile agli utenti 24 ore su 24, 7 giorni su 7, salvo in caso di interruzione, prevista o meno, per esigenze di manutenzione o per cause di forza maggiore. In caso di impossibilit\u00e0 di accesso al servizio, auxsonsdescloches.com si impegna a fare il massimo per ripristinare l'accesso al sito internet e si adoperer\u00e0 quindi per informare preventivamente gli utenti delle date e degli orari dell'interruzione. Non essendo vincolato che a un obbligo di mezzi, auxsonsdescloches.com non potr\u00e0 essere ritenuto responsabile dei problemi, di qualsiasi natura, derivanti da un'indisponibilit\u00e0 del servizio.<\/p>\n\n\n\n<h2 class=\"wp-block-heading\"><strong>4. Propriet\u00e0 intellettuale:<\/strong><\/h2>\n\n\n\n<p>BAUER Alexandre \u00e8 titolare esclusivo di tutti i diritti di propriet\u00e0 intellettuale o detiene i diritti e le autorizzazioni d'uso su tutti gli elementi accessibili sul sito, sia sulla struttura che sugli articoli e testi, immagini, grafiche, logo, colonna sonora, software, ecc.<br>Qualsiasi riproduzione, anche parziale, del sito auxsonsdescloches.com, visualizzazione, modifica, adattamento totale o parziale di uno qualsiasi di questi elementi, indipendentemente dal mezzo o dal processo utilizzato, \u00e8 severamente vietata, salvo previa autorizzazione scritta di BAUER Alexandre, responsabile del sito, al seguente indirizzo e-mail: contact@auxsonsdescloches.com, altrimenti sar\u00e0 considerata una violazione e perseguibile ai sensi degli articoli L.335-2 e seguenti del Codice della propriet\u00e0 intellettuale francese. \u00c8 severamente vietata la riproduzione totale o parziale, la visualizzazione, la modifica, l'aggiornamento totale o parziale di uno qualsiasi di questi elementi, indipendentemente dal mezzo o dal processo utilizzato, salvo previo consenso scritto di BAUER Alexandre, proprietario del sito web, al seguente indirizzo e-mail: contact@auxsonsdescloches.com, in caso contrario sar\u00e0 considerato alla stregua di una violazione e perseguibile ai sensi delle disposizioni degli articoli L.335-2 e seguenti del Codice della propriet\u00e0 intellettuale francese.<\/p>\n\n\n\n<h2 class=\"wp-block-heading\"><strong>5. Cookie e Link Ipertestuali:<\/strong><\/h2>\n\n\n\n<p>Il sito internet auxsonsdescloches.com possiede diversi URL ipertestuali verso diversi siti (partner, siti sorgente ecc.) messi online con l'accordo di BAUER Alexandre<a href=\"https:\/\/www.generateur-de-mentions-legales.com\/\">.<\/a>\u00a0Ciononostante, BAUER Alexandre non pu\u00f2 verificare l'interezza degli elementi dei siti cos\u00ec consultati e declina quindi ogni responsabilit\u00e0 in merito ai possibili rischi di contenuti illeciti.<br>L'utente viene quindi informato che durante la sua navigazione sul sito suivant auxsonsdescloches.com, uno o pi\u00f9 cookie possono integrarsi automaticamente sul suo computer tramite il suo software di navigazione. Un cookie \u00e8 un blocco di dati informatici che non permette di sapere chi lo utilizza, ma registra indicazioni relative alla navigazione dell'utente sul sito web.\u00a0<br>Le impostazioni del software di navigazione consentono di notificare la presenza dei cookie e, eventualmente, di poterli rifiutare nel modo descritto all'indirizzo:\u00a0<a href=\"https:\/\/auxsonsdescloches.com\/it\/\">www.auxsonsdescloches.com<\/a>. L'utente pu\u00f2 tuttavia configurare il browser del proprio computer in modo da contestare l'installazione dei cookie, purch\u00e9 sia consapevole che il rifiuto dell'installazione di un cookie pu\u00f2 comportare l'impossibilit\u00e0 di accedere a varie aree. Per quanto riguarda qualsiasi blocco dei cookie, digitare nello strumento di ricerca: blocco dei cookie e seguire le istruzioni relative al proprio browser.<strong>6. Protezione dei beni e delle persone \u2013 Trattamento dei dati personali:<\/strong><\/p>\n\n\n\n<p>En France, les donn\u00e9es personnelles sont par exemple prot\u00e9g\u00e9es par la loi n\u00b0 78-87 du 6 janvier 1978 , la loi n\u00b0 2004-801 datant du 6 ao\u00fbt 2004, l\u2019article L. 226-13 du Code p\u00e9nal ainsi que la Directive Europ\u00e9enne du 24 octobre 1995.<\/p>\n\n\n\n<p class=\"translation-block\">Sur le site suivant auxsonsdescloches.com, BAUER Alexandre ne aucune information personnelles ( suivant l\u2019article 4 loi n\u00b078-17 du 06 janvier 1978) concernant l\u2019usager que pour la n\u00e9c\u00e9ssit\u00e9 de plusieurs services offerts par le site auxsonsdescloches.com. L\u2019usager fournit ces informations en pleine connaissance de cause, notamment lorsqu\u2019il proc\u00e8de par lui-m\u00eame \u00e0 leur saisie. Il est alors pr\u00e9cis\u00e9 \u00e0 l\u2019usag\u00e9 du site auxsonsdescloches.com l\u2019obligation ou non de mentionner ces informations.<br>En conformit\u00e9 avec les dispositifs des articles 38 et suivants de la loi 78-17 du 6 janvier 1978 en lien avec l\u2019informatique, aux fichiers et aux libert\u00e9s, n\u2019importe quel utilisateur dispose d\u2019un droit d\u2019acc\u00e8s , de rectification, de suppression et d\u2019opposition aux donn\u00e9es personnelles qui le concerne. Pour l\u2019utiliser, adressez votre demande \u00e0 auxsonsdescloches.com par email :\u00a0<strong><a href=\"mailto:contact@auxsonsdescloches.com?subject=Contactpartirdesmentionslgalesvialesiteauxsonsdescloches.com\" target=\"_self\">contact@auxsonsdescloches.com<\/a><\/strong>\u00a0ou\u00a0via \u00e9crit\u00a0d\u00fbement sign\u00e9e, jointe d\u2019une copie du titre d\u2019identit\u00e9 avec signature du titulaire de la pi\u00e8ce, en mentionnant l\u2019adresse \u00e0 laquelle une r\u00e9ponse doit \u00eatre envoy\u00e9e.<\/p>\n\n\n\n<p class=\"translation-block\">Sans information personnelle de l\u2019usager du site web auxsonsdescloches.com ne sera publi\u00e9e sans consentemment de l\u2019utilisateur, \u00e9chang\u00e9e, transmise, c\u00e9d\u00e9e sur n\u2019importe quel support \u00e0 des tiers. Seule l\u2019hypoth\u00e8se de la vente du site auxsonsdescloches.com et de ses droits en autorise BAUER Alexandre \u00e0 transmettre les dites informations \u00e0 l\u2019 acqu\u00e9reur qui serait donc lui-m\u00eame tenu\u00a0\u00e0 la m\u00eame obligation de conservation et de modification des informations relative \u00e0 l\u2019utilisateur du site auxsonsdescloches.com.<br>Le site auxsonsdescloches.com est conforme avec le RGPD consulter notre politique RGPD.<\/p>\n\n\n\n<p>Les bases de donn\u00e9es sont prot\u00e9g\u00e9es par les obligations de la loi du 1er juillet 1998 transposant ainsi la directive 96\/9 du 11 mars 1996 relative \u00e0 la protection juridique des bases de donn\u00e9es(BDD).<\/p>","protected":false},"excerpt":{"rendered":"<p>In conformit\u00e0 agli obblighi previsti dall'articolo 6-III e 19 della legge n. 2004-575 del 21 giugno 2004 sulla fiducia nell'economia digitale, cosiddetta L.C.E.N., informiamo gli utenti del sito web: auxsonsdescloches.com delle seguenti informazioni: Il sito auxsonsdescloches.com \u00e8 l'unica propriet\u00e0 di Sci Aux Sons des Cloches 1. Dati legali: Sci Aux Sons des Cloches \u2013 Numero\u2026<\/p>","protected":false},"author":1,"featured_media":0,"parent":0,"menu_order":0,"comment_status":"closed","ping_status":"closed","template":"","meta":{"_kadence_starter_templates_imported_post":false,"_kad_post_transparent":"","_kad_post_title":"show","_kad_post_layout":"narrow","_kad_post_sidebar_id":"","_kad_post_content_style":"default","_kad_post_vertical_padding":"","_kad_post_feature":"","_kad_post_feature_position":"","_kad_post_header":false,"_kad_post_footer":false,"_kad_post_classname":"","slim_seo":{"noindex":"1","title":"Note legali - Al Suono delle Campane","description":"In conformit\u00e0 agli obblighi dell'articolo 6-III e 19 della Legge n. 2004-575 del 21 giugno 2004 relativa alla Fiducia nell'economia digitale, detta L.C.E.N., noi"},"footnotes":""},"class_list":["post-252","page","type-page","status-publish","hentry"],"_links":{"self":[{"href":"https:\/\/auxsonsdescloches.com\/it\/wp-json\/wp\/v2\/pages\/252","targetHints":{"allow":["GET"]}}],"collection":[{"href":"https:\/\/auxsonsdescloches.com\/it\/wp-json\/wp\/v2\/pages"}],"about":[{"href":"https:\/\/auxsonsdescloches.com\/it\/wp-json\/wp\/v2\/types\/page"}],"author":[{"embeddable":true,"href":"https:\/\/auxsonsdescloches.com\/it\/wp-json\/wp\/v2\/users\/1"}],"replies":[{"embeddable":true,"href":"https:\/\/auxsonsdescloches.com\/it\/wp-json\/wp\/v2\/comments?post=252"}],"version-history":[{"count":7,"href":"https:\/\/auxsonsdescloches.com\/it\/wp-json\/wp\/v2\/pages\/252\/revisions"}],"predecessor-version":[{"id":2139,"href":"https:\/\/auxsonsdescloches.com\/it\/wp-json\/wp\/v2\/pages\/252\/revisions\/2139"}],"wp:attachment":[{"href":"https:\/\/auxsonsdescloches.com\/it\/wp-json\/wp\/v2\/media?parent=252"}],"curies":[{"name":"wp","href":"https:\/\/api.w.org\/{rel}","templated":true}]}}