{"id":252,"date":"2024-01-01T18:12:07","date_gmt":"2024-01-01T17:12:07","guid":{"rendered":"https:\/\/auxsonsdescloches.com\/?page_id=252"},"modified":"2024-12-28T14:40:23","modified_gmt":"2024-12-28T13:40:23","slug":"mentions-legales","status":"publish","type":"page","link":"https:\/\/auxsonsdescloches.com\/es\/mentions-legales\/","title":{"rendered":"Informaci\u00f3n jur\u00eddica"},"content":{"rendered":"<p class=\"translation-block\">En conformit\u00e9 aux obligations de l\u2019article 6-III et 19 de la Loi n* 2004-575 du 21 juin 2004 relative \u00e0 la Confiance en l\u2019\u00e9conomie num\u00e9rique, dite L.C.E.N., nous informons les utilisateurs du site internet :\u00a0<a href=\"https:\/\/auxsonsdescloches.com\/es\/\" target=\"_blank\" rel=\"noreferrer noopener\">auxsonsdescloches.com<\/a>\u00a0Ces informations ci-dessous :<\/p>\n\n\n\n<p class=\"translation-block\">Le site\u00a0<a href=\"https:\/\/auxsonsdescloches.com\/es\/\" target=\"_blank\" rel=\"noreferrer noopener\">auxsonsdescloches.com<\/a>\u00a0est l\u2019unique propri\u00e9t\u00e9 de\u00a0<strong>Sci<\/strong>\u00a0<strong>Aux Sons des Cloches<\/strong><\/p>\n\n\n\n<h2 class=\"wp-block-heading\"><strong>1. Donn\u00e9es l\u00e9gales :<\/strong><\/h2>\n\n\n\n<p class=\"translation-block\"><strong>Sci<\/strong>\u00a0<strong>Aux Sons des Cloches<\/strong>\u00a0\u2013 Num\u00e9ro de Tel :\u00a0<strong>0615410877<\/strong><\/p>\n\n\n\n<p class=\"has--font-size\"><strong>14 rue Riefeld<\/strong>\u00a0<strong>67290 ROSTEIG<\/strong><br>Inscrita en el Registro Mercantil con el n\u00famero\u00a0<strong>92029322200013<\/strong><\/p>\n\n\n\n<p class=\"translation-block\">Num. de TVA Intracommunautaire :\u00a0<strong>FR09920293222<\/strong><br>Adresse de messagerie mail :\u00a0<strong><a href=\"mailto:contact@auxsonsdescloches.com?subject=Contactapartirdesmentionslgalesvialesiteauxsonsdescloches.com\" target=\"_self\">contact@auxsonsdescloches.com<\/a><\/strong><br><br>Le Concepteur du site suivant est :\u00a0<strong>BAUER Alexandre<\/strong><br>Directeur de la publication :\u00a0<strong>BAUER Alexandre<\/strong><br>Ou joindre le Responsable de la publication :\u00a0<strong><a href=\"mailto:contact@auxsonsdescloches.com?subject=Contactapartirdesmentionslgalesvialesiteauxsonsdescloches.com\" target=\"_self\">contact@auxsonsdescloches.com<\/a><\/strong><br>Le D\u00e9veloppeur est :\u00a0<strong>BAUER Alexandre<\/strong><br>Ou entrer en contact avec le Webmaster :\u00a0<strong><a href=\"mailto:contact@auxsonsdescloches.com?subject=Contactapartirdesmentionslgalesvialesiteauxsonsdescloches.com\" target=\"_self\">contact@auxsonsdescloches.com<\/a><\/strong><\/p>\n\n\n\n<p class=\"translation-block\">L\u2019hebergeur du site est : <strong>Hostinger<\/strong><br>Registre du commerce et des soci\u00e9t\u00e9s (RCS) \u2013<br>Code APE (NAF) \u2013<br>Num. de TVA : \u2013<br>Si\u00e8ge Sociale de l\u2019h\u00e9bergeur : <strong>HOSTINGER INTERNATIONAL LTD, 61 Lordou Vironos Street, 6023 Larnaca, Chypre<\/strong><\/p>\n\n\n\n<p class=\"translation-block\">Les Mentions L\u00e9gales ont \u00e9t\u00e9 r\u00e9alis\u00e9es via\u00a0<strong><a href=\"https:\/\/www.generateur-de-mentions-legales.com\/\" target=\"_blank\" rel=\"noreferrer noopener\">ce g\u00e9n\u00e9rateur<\/a><\/strong><br><\/p>\n\n\n\n<h2 class=\"wp-block-heading\"><strong>2. Introduction :<\/strong><\/h2>\n\n\n\n<p class=\"translation-block\">Tout internaute qui utilise le site suivant :\u00a0<a href=\"https:\/\/auxsonsdescloches.com\/es\/\" target=\"_blank\" rel=\"noreferrer noopener\">auxsonsdescloches.com<\/a>\u00a0est consid\u00e9r\u00e9 comme utilisateur du site.<br>Le site suivant\u00a0<strong>auxsonsdescloches.com<\/strong>\u00a0regroupe plusieurs services, dans l\u2019\u00e9tat, disponible pour les utilisateur. Il est naturellement pr\u00e9cis\u00e9 que ces derniers doivent rester courtois et faire preuve de bonne foi tant envers les diff\u00e9rents usag\u00e9s qu\u2019envers le Webmaster du site auxsonsdescloches.com. Le site auxsonsdescloches.com est actualis\u00e9 de fa\u00e7on r\u00e9guli\u00e8re par BAUER Alexandre.<br>BAUER Alexandre s\u2019efforce d\u2019indiqu\u00e9 sur le site auxsonsdescloches.com des informations les plus pr\u00e9cises possibles (sous r\u00e9serve de modifications), mais ne saurait garantir l\u2019exactitude, la finitude et l\u2019actualit\u00e9 des informations diffus\u00e9es sur son site web, qu\u2019elles soient de son fait ou du fait des tiers partenaires qui lui fournissent ces informations. En r\u00e9percussion, l\u2019utilisateur reconna\u00eet se servir des informations donn\u00e9es (\u00e0 titre indicatif, non exhaustives et susceptibles d\u2019\u00e9voluer) sous son unique responsabilit\u00e9.<\/p>\n\n\n\n<h2 class=\"wp-block-heading\"><strong>3. Accesibilidad Digital:<\/strong><\/h2>\n\n\n\n<p>El sitio auxsonsdescloches.com es accesible para los usuarios 24\/24h, 7\/7j, excepto en caso de interrupci\u00f3n, prevista o no, por necesidades de mantenimiento o fuerza mayor. En caso de imposibilidad de acceso al servicio, auxsonsdescloches.com se compromete a hacer todo lo posible para restablecer el acceso al sitio web y se esforzar\u00e1 por informar previamente a los usuarios de las fechas y horas de la interrupci\u00f3n. Al estar sujeto \u00fanicamente a una obligaci\u00f3n de medios, auxsonsdescloches.com no puede ser considerado responsable de los problemas, cualquiera que sea su naturaleza, que resulten de la indisponibilidad del servicio.<\/p>\n\n\n\n<h2 class=\"wp-block-heading\"><strong>4. Propiedad intelectual:<\/strong><\/h2>\n\n\n\n<p>BAUER Alexandre es el propietario exclusivo de todos los derechos de propiedad intelectual o posee los derechos y autorizaciones de uso sobre la totalidad de los elementos accesibles en el sitio, tanto en la estructura como en los art\u00edculos y textos, im\u00e1genes, grafismos, logo, banda sonora, software, etc.<br>Cualquier reproducci\u00f3n, incluso parcial, de la p\u00e1gina web auxsonsdescloches.com, visualizaci\u00f3n, modificaci\u00f3n, adaptaci\u00f3n total o parcial de cualquiera de estos elementos, independientemente del medio o procedimiento utilizado, est\u00e1 estrictamente prohibida, salvo autorizaci\u00f3n previa por escrito de BAUER Alexandre, responsable de la p\u00e1gina web en la siguiente direcci\u00f3n de correo electr\u00f3nico: contact@auxsonsdescloches.com, de lo contrario se considerar\u00e1 que constituye una infracci\u00f3n y podr\u00e1 ser perseguida de conformidad con las disposiciones de los art\u00edculos L.335-2 y siguientes del C\u00f3digo franc\u00e9s de la Propiedad Intelectual. Cualquier reproducci\u00f3n total o parcial, visualizaci\u00f3n, modificaci\u00f3n, actualizaci\u00f3n total o parcial de cualquiera de estos elementos, sea cual sea el medio o procedimiento utilizado, est\u00e1 estrictamente prohibida, salvo autorizaci\u00f3n previa por escrito de BAUER Alexandre, propietario del sitio web, a la siguiente direcci\u00f3n de correo electr\u00f3nico: contact@auxsonsdescloches.com, so pena de ser considerada, de la misma manera, una falsificaci\u00f3n y de ser perseguida de conformidad con las disposiciones de los art\u00edculos L.335-2 y siguientes del C\u00f3digo franc\u00e9s de la Propiedad Intelectual.<\/p>\n\n\n\n<h2 class=\"wp-block-heading\"><strong>5. Cookies y Enlaces de Hipertexto:<\/strong><\/h2>\n\n\n\n<p>El sitio web auxsonsdescloches.com posee diferentes URL hipervinculadas a distintos sitios (socios, sitios de origen, etc.) publicados con el acuerdo de BAUER Alexandre<a href=\"https:\/\/www.generateur-de-mentions-legales.com\/\">.<\/a>\u00a0Sin embargo, BAUER Alexandre no puede verificar la totalidad de los elementos de los sitios consultados, por lo que declina toda responsabilidad al respecto sobre los posibles riesgos de contenido il\u00edcito.<br>El usuario est\u00e1 informado de que, durante su navegaci\u00f3n por el sitio suivant auxsonsdescloches.com, una o varias cookies pueden integrarse autom\u00e1ticamente en su ordenador a trav\u00e9s de su software de navegaci\u00f3n. Una cookie es un bloque de datos inform\u00e1ticos que no permite saber qui\u00e9n lo utiliza, sino que registra informaci\u00f3n relacionada con la navegaci\u00f3n del mismo en el sitio web.\u00a0<br>La configuraci\u00f3n del software de navegaci\u00f3n permite notificar la presencia de cookies y, en su caso, rechazarlas de la manera descrita en la direcci\u00f3n:\u00a0<a href=\"https:\/\/auxsonsdescloches.com\/es\/\">www.auxsonsdescloches.com<\/a>. El usuario puede, sin embargo, configurar el navegador de su ordenador para que rechace la instalaci\u00f3n de cookies, siendo consciente de que el rechazo de la instalaci\u00f3n de una cookie puede hacer imposible el acceso a diversos sectores. Para bloquear las cookies, escriba en la herramienta de b\u00fasqueda: bloqueo de cookies y siga las instrucciones relacionadas con su navegador.<strong>6. Protecci\u00f3n de bienes y personas \u2013 Manejo de datos personales:<\/strong><\/p>\n\n\n\n<p>En France, les donn\u00e9es personnelles sont par exemple prot\u00e9g\u00e9es par la loi n\u00b0 78-87 du 6 janvier 1978 , la loi n\u00b0 2004-801 datant du 6 ao\u00fbt 2004, l\u2019article L. 226-13 du Code p\u00e9nal ainsi que la Directive Europ\u00e9enne du 24 octobre 1995.<\/p>\n\n\n\n<p class=\"translation-block\">Sur le site suivant auxsonsdescloches.com, BAUER Alexandre ne aucune information personnelles ( suivant l\u2019article 4 loi n\u00b078-17 du 06 janvier 1978) concernant l\u2019usager que pour la n\u00e9c\u00e9ssit\u00e9 de plusieurs services offerts par le site auxsonsdescloches.com. L\u2019usager fournit ces informations en pleine connaissance de cause, notamment lorsqu\u2019il proc\u00e8de par lui-m\u00eame \u00e0 leur saisie. Il est alors pr\u00e9cis\u00e9 \u00e0 l\u2019usag\u00e9 du site auxsonsdescloches.com l\u2019obligation ou non de mentionner ces informations.<br>En conformit\u00e9 avec les dispositifs des articles 38 et suivants de la loi 78-17 du 6 janvier 1978 en lien avec l\u2019informatique, aux fichiers et aux libert\u00e9s, n\u2019importe quel utilisateur dispose d\u2019un droit d\u2019acc\u00e8s , de rectification, de suppression et d\u2019opposition aux donn\u00e9es personnelles qui le concerne. Pour l\u2019utiliser, adressez votre demande \u00e0 auxsonsdescloches.com par email :\u00a0<strong><a href=\"mailto:contact@auxsonsdescloches.com?subject=Contactpartirdesmentionslgalesvialesiteauxsonsdescloches.com\" target=\"_self\">contact@auxsonsdescloches.com<\/a><\/strong>\u00a0ou\u00a0via \u00e9crit\u00a0d\u00fbement sign\u00e9e, jointe d\u2019une copie du titre d\u2019identit\u00e9 avec signature du titulaire de la pi\u00e8ce, en mentionnant l\u2019adresse \u00e0 laquelle une r\u00e9ponse doit \u00eatre envoy\u00e9e.<\/p>\n\n\n\n<p class=\"translation-block\">Sans information personnelle de l\u2019usager du site web auxsonsdescloches.com ne sera publi\u00e9e sans consentemment de l\u2019utilisateur, \u00e9chang\u00e9e, transmise, c\u00e9d\u00e9e sur n\u2019importe quel support \u00e0 des tiers. Seule l\u2019hypoth\u00e8se de la vente du site auxsonsdescloches.com et de ses droits en autorise BAUER Alexandre \u00e0 transmettre les dites informations \u00e0 l\u2019 acqu\u00e9reur qui serait donc lui-m\u00eame tenu\u00a0\u00e0 la m\u00eame obligation de conservation et de modification des informations relative \u00e0 l\u2019utilisateur du site auxsonsdescloches.com.<br>Le site auxsonsdescloches.com est conforme avec le RGPD consulter notre politique RGPD.<\/p>\n\n\n\n<p>Les bases de donn\u00e9es sont prot\u00e9g\u00e9es par les obligations de la loi du 1er juillet 1998 transposant ainsi la directive 96\/9 du 11 mars 1996 relative \u00e0 la protection juridique des bases de donn\u00e9es(BDD).<\/p>","protected":false},"excerpt":{"rendered":"<p>En cumplimiento de las obligaciones del art\u00edculo 6-III y 19 de la Ley n\u00ba 2004-575 del 21 de junio de 2004, relativa a la Confianza en la Econom\u00eda Digital (L.C.E.N.), informamos a los usuarios del sitio web: auxsonsdescloches.com de la siguiente informaci\u00f3n: El sitio web auxsonsdescloches.com es propiedad exclusiva de Sci Aux Sons des Cloches. 1. Datos legales: Sci Aux Sons des Cloches - N\u00famero\u2026<\/p>","protected":false},"author":1,"featured_media":0,"parent":0,"menu_order":0,"comment_status":"closed","ping_status":"closed","template":"","meta":{"_kadence_starter_templates_imported_post":false,"_kad_post_transparent":"","_kad_post_title":"show","_kad_post_layout":"narrow","_kad_post_sidebar_id":"","_kad_post_content_style":"default","_kad_post_vertical_padding":"","_kad_post_feature":"","_kad_post_feature_position":"","_kad_post_header":false,"_kad_post_footer":false,"_kad_post_classname":"","slim_seo":{"noindex":"1","title":"Aviso legal - Al Son de las Campanas","description":"En conformidad con las obligaciones del art\u00edculo 6-III y 19 de la Ley n.\u00ba 2004-575 del 21 de junio de 2004 relativa a la Confianza en la Econom\u00eda Digital, conocida como L.C.E.N.,"},"footnotes":""},"class_list":["post-252","page","type-page","status-publish","hentry"],"_links":{"self":[{"href":"https:\/\/auxsonsdescloches.com\/es\/wp-json\/wp\/v2\/pages\/252","targetHints":{"allow":["GET"]}}],"collection":[{"href":"https:\/\/auxsonsdescloches.com\/es\/wp-json\/wp\/v2\/pages"}],"about":[{"href":"https:\/\/auxsonsdescloches.com\/es\/wp-json\/wp\/v2\/types\/page"}],"author":[{"embeddable":true,"href":"https:\/\/auxsonsdescloches.com\/es\/wp-json\/wp\/v2\/users\/1"}],"replies":[{"embeddable":true,"href":"https:\/\/auxsonsdescloches.com\/es\/wp-json\/wp\/v2\/comments?post=252"}],"version-history":[{"count":7,"href":"https:\/\/auxsonsdescloches.com\/es\/wp-json\/wp\/v2\/pages\/252\/revisions"}],"predecessor-version":[{"id":2139,"href":"https:\/\/auxsonsdescloches.com\/es\/wp-json\/wp\/v2\/pages\/252\/revisions\/2139"}],"wp:attachment":[{"href":"https:\/\/auxsonsdescloches.com\/es\/wp-json\/wp\/v2\/media?parent=252"}],"curies":[{"name":"wp","href":"https:\/\/api.w.org\/{rel}","templated":true}]}}