{"id":252,"date":"2024-01-01T18:12:07","date_gmt":"2024-01-01T17:12:07","guid":{"rendered":"https:\/\/auxsonsdescloches.com\/?page_id=252"},"modified":"2024-12-28T14:40:23","modified_gmt":"2024-12-28T13:40:23","slug":"mentions-legales","status":"publish","type":"page","link":"https:\/\/auxsonsdescloches.com\/de\/mentions-legales\/","title":{"rendered":"Rechtliche Hinweise"},"content":{"rendered":"<p class=\"translation-block\">In \u00dcbereinstimmung mit den Verpflichtungen aus Artikel 6-III und 19 des Gesetzes n* 2004-575 vom 21. Juni 2004 \u00fcber das Vertrauen in die digitale Wirtschaft, genannt L.C.E.N., informieren wir die Nutzer der Internetseite: auxsonsdescloches.com Diese Informationen unten:<\/p>\n\n\n\n<p class=\"translation-block\">Die Website auxsonsdescloches.com ist das alleinige Eigentum von Sci Aux Sons des Cloches<\/p>\n\n\n\n<h2 class=\"wp-block-heading\"><strong>1. Rechtliche Daten :<\/strong><\/h2>\n\n\n\n<p class=\"translation-block\">Sci Aux Sons des Cloches - Tel.-Nr.: 0615410877<\/p>\n\n\n\n<p class=\"has--font-size\"><strong>14 Riefeldstra\u00dfe<\/strong>\u00a0<strong>67290 ROSTEIG<\/strong><br>Eingetragen im Handelsregister unter der Nummer\u00a0<strong>92029322200013<\/strong><\/p>\n\n\n\n<p class=\"translation-block\">Umsatzsteuer-Identifikationsnummer: FR09920293222\nE-Mail-Adresse: contact@auxsonsdescloches.com\n\nDer Designer der folgenden Website ist: BAUER Alexandre.\nVerantwortlich f\u00fcr die Ver\u00f6ffentlichung: BAUER Alexandre.\nOder erreichen Sie den Verantwortlichen f\u00fcr die Ver\u00f6ffentlichung: contact@auxsonsdescloches.com\nDer Entwickler ist: BAUER Alexandre\nOder mit dem Webmaster in Kontakt treten: contact@auxsonsdescloches.com<\/p>\n\n\n\n<p class=\"translation-block\">Der Host der Website ist: Hostinger.\nHandels- und Gesellschaftsregister (RCS) - -.\nAPE-Code (NAF) -.\nUmsatzsteuer-Identifikationsnummer: -.\nHauptsitz des Hosters: HOSTINGER INTERNATIONAL LTD, 61 Lordou Vironos Street, 6023 Larnaca, Zypern<\/p>\n\n\n\n<p class=\"translation-block\">Das Impressum wurde \u00fcber diesen Generator erstellt.<\/p>\n\n\n\n<h2 class=\"wp-block-heading\"><strong>2. Einleitung :<\/strong><\/h2>\n\n\n\n<p class=\"translation-block\">Jeder Internetnutzer, der die folgende Website benutzt: auxsonsdescloches.com wird als Nutzer der Website betrachtet.\nDie folgende Website auxsonsdescloches.com umfasst mehrere Dienste, die den Nutzern in ihrem jeweiligen Zustand zur Verf\u00fcgung stehen. Es wird nat\u00fcrlich darauf hingewiesen, dass die Nutzer sowohl gegen\u00fcber den verschiedenen Nutzern als auch gegen\u00fcber dem Webmaster der Website auxsonsdescloches.com h\u00f6flich bleiben und in gutem Glauben handeln m\u00fcssen. Die Website auxsonsdescloches.com wird regelm\u00e4\u00dfig von BAUER Alexandre aktualisiert.\nBAUER Alexandre bem\u00fcht sich, auf der Website auxsonsdescloches.com m\u00f6glichst genaue Informationen anzugeben (\u00c4nderungen vorbehalten), kann jedoch nicht f\u00fcr die Richtigkeit, Vollst\u00e4ndigkeit und Aktualit\u00e4t der auf seiner Website verbreiteten Informationen garantieren, weder f\u00fcr die Richtigkeit noch f\u00fcr die Vollst\u00e4ndigkeit oder Aktualit\u00e4t der Informationen, die von ihm oder von dritten Partnern, die ihm diese Informationen zur Verf\u00fcgung stellen, stammen. Im Gegenzug erkennt der Nutzer an, dass die Nutzung der bereitgestellten Informationen (die lediglich als Hinweis dienen, nicht ersch\u00f6pfend sind und sich \u00e4ndern k\u00f6nnen) auf seine eigene Verantwortung erfolgt.<\/p>\n\n\n\n<h2 class=\"wp-block-heading\"><strong>3. Digitale Zug\u00e4nglichkeit:<\/strong><\/h2>\n\n\n\n<p>Die folgende Website auxsonsdescloches.com ist f\u00fcr die Benutzer im Allgemeinen rund um die Uhr, 7 Tage die Woche zug\u00e4nglich, au\u00dfer im Falle einer Unterbrechung, geplant oder nicht, f\u00fcr Wartungsarbeiten oder h\u00f6here Gewalt. Im Falle einer Unm\u00f6glichkeit des Zugangs zum Dienst verpflichtet sich auxsonsdescloches.com, sein Bestes zu tun, um den Zugang zur Website wiederherzustellen, und bem\u00fcht sich dann, die Benutzer im Voraus \u00fcber die Daten und Zeiten der Unterbrechung zu informieren. Da auxsonsdescloches.com nur zur Sorgfalt verpflichtet ist, kann es nicht f\u00fcr Probleme, gleich welcher Art, verantwortlich gemacht werden, die sich aus der Nichtverf\u00fcgbarkeit des Dienstes ergeben.<\/p>\n\n\n\n<h2 class=\"wp-block-heading\"><strong>4. Geistiges Eigentum:<\/strong><\/h2>\n\n\n\n<p>BAUER Alexandre ist alleiniger Inhaber aller Rechte an geistigem Eigentum oder besitzt die Nutzungsrechte und -genehmigungen f\u00fcr alle Elemente, die auf der Website zug\u00e4nglich sind, sowohl f\u00fcr die Struktur als auch f\u00fcr die Artikel und Texte, Bilder, Grafiken, Logos, Tonspuren, Software usw.<br>Jede auch nur teilweise Vervielf\u00e4ltigung der Website auxsonsdescloches.com, Anzeige, \u00c4nderung, vollst\u00e4ndige oder teilweise Anpassung eines dieser Elemente, unabh\u00e4ngig vom verwendeten Mittel oder Verfahren, ist strengstens untersagt, es sei denn, es liegt eine vorherige schriftliche Genehmigung von BAUER Alexandre, dem Verantwortlichen der Website, vor, die an die E-Mail-Adresse contact@auxsonsdescloches.com gesendet wird. Jede vollst\u00e4ndige oder teilweise Vervielf\u00e4ltigung der Anzeige, \u00c4nderung, vollst\u00e4ndige oder teilweise Aktualisierung eines dieser Elemente, ungeachtet des verwendeten Mittels oder Verfahrens, ist streng verboten, au\u00dfer bei vorheriger schriftlicher Zustimmung von BAUER Alexandre, dem Inhaber der Website, an folgende E-Mail-Adresse: contact@auxsonsdescloches.com, andernfalls wird sie als F\u00e4lschung angesehen und gem\u00e4\u00df den Bestimmungen der Artikel L.335-2 ff. des Gesetzes \u00fcber geistiges Eigentum verfolgt.<\/p>\n\n\n\n<h2 class=\"wp-block-heading\"><strong>5. Cookies &amp; Hyperlinks:<\/strong><\/h2>\n\n\n\n<p>Die Website auxsonsdescloches.com besitzt verschiedene Hypertext-URLs zu unterschiedlichen Websites (Partner, Quellseiten etc.), die mit der Zustimmung von BAUER Alexandre online gestellt wurden.<a href=\"https:\/\/www.generateur-de-mentions-legales.com\/\">.<\/a>\u00a0Dennoch kann BAUER Alexandre nicht alle Inhalte der so abgerufenen Websites \u00fcberpr\u00fcfen und lehnt daher jegliche Haftung f\u00fcr m\u00f6gliche Risiken im Zusammenhang mit rechtswidrigen Inhalten ab.<br>Der Nutzer wird somit dar\u00fcber informiert, dass w\u00e4hrend seiner Navigation auf der folgenden Website auxsonsdescloches.com ein oder mehrere Cookies automatisch \u00fcber seine Browser-Software auf seinem Computer gespeichert werden k\u00f6nnen. Ein Cookie ist ein Datenblock, der nicht die Identit\u00e4t des Nutzers preisgibt, daf\u00fcr aber Informationen \u00fcber dessen Navigation auf der Website festh\u00e4lt.\u00a0<br>Die Einstellung der Navigationssoftware erm\u00f6glicht die Benachrichtigung \u00fcber die Anwesenheit von Cookies und gegebenenfalls deren Ablehnung auf die Weise, wie sie unter folgender Adresse beschrieben ist:\u00a0<a href=\"https:\/\/auxsonsdescloches.com\/de\/\">www.auxsonsdescloches.com<\/a>. Der Nutzer kann jedoch den Browser seines Computers so einstellen, dass er die Platzierung von Cookies ablehnt, im Bewusstsein, dass die Ablehnung der Platzierung eines Cookies dazu f\u00fchren kann, dass er keinen Zugriff mehr auf verschiedene Bereiche hat. Wenn Sie Cookies blockieren m\u00f6chten, geben Sie in Ihr Suchwerkzeug ein: Cookies blockieren und folgen Sie den Anweisungen im Zusammenhang mit Ihrem Browser.<strong>6. Schutz von Eigentum und Personen \u2013 Umgang mit personenbezogenen Daten:<\/strong><\/p>\n\n\n\n<p>In Frankreich sind personenbezogene Daten beispielsweise durch das Gesetz Nr. 78-87 vom 6. Januar 1978 , das Gesetz Nr. 2004-801 vom 6. August 2004, Artikel L. 226-13 des Strafgesetzbuches sowie die Europ\u00e4ische Richtlinie vom 24. Oktober 1995 gesch\u00fctzt.<\/p>\n\n\n\n<p class=\"translation-block\">Auf der folgenden Website auxsonsdescloches.com sammelt BAUER Alexandre pers\u00f6nliche Informationen (gem\u00e4\u00df Artikel 4 des Gesetzes Nr. 78-17 vom 06. Januar 1978) \u00fcber den Benutzer nur f\u00fcr die Notwendigkeit mehrerer Dienstleistungen, die auf der Website auxsonsdescloches.com angeboten werden. Der Nutzer stellt diese Informationen in voller Kenntnis der Sachlage zur Verf\u00fcgung, insbesondere wenn er sie selbst eingibt. Dem Nutzer der Website auxsonsdescloches.com wird dann mitgeteilt, ob er diese Informationen angeben muss oder nicht.\nIn \u00dcbereinstimmung mit den Bestimmungen der Artikel 38 ff. des Gesetzes 78-17 vom 6. Januar 1978 in Bezug auf Informatik, Dateien und Freiheiten hat jeder Nutzer das Recht auf Zugang, Berichtigung, L\u00f6schung und Einspruch gegen die ihn betreffenden pers\u00f6nlichen Daten. Um dieses Recht zu nutzen, richten Sie Ihre Anfrage an auxsonsdescloches.com per E-Mail: contact@auxsonsdescloches.com oder \u00fcber ein ordnungsgem\u00e4\u00df unterzeichnetes Schreiben, dem eine Kopie des Personalausweises mit Unterschrift des Inhabers des Dokuments beigef\u00fcgt ist, unter Angabe der Adresse, an die eine Antwort gesendet werden soll.<\/p>\n\n\n\n<p class=\"translation-block\">Die pers\u00f6nlichen Informationen der Nutzer der Website auxsonsdescloches.com werden ohne die Zustimmung des Nutzers ver\u00f6ffentlicht, ausgetauscht, weitergeleitet und auf beliebigen Medien an Dritte weitergegeben. Nur die Hypothese des Verkaufs der Website auxsonsdescloches.com und ihrer Rechte berechtigt BAUER Alexandre dazu, die genannten Informationen an den Erwerber weiterzugeben, der somit selbst an die gleiche Verpflichtung zur Aufbewahrung und \u00c4nderung der Informationen bez\u00fcglich des Nutzers der Website auxsonsdescloches.com gebunden ist.\nDie Website auxsonsdescloches.com ist mit der DSGVO konform, siehe unsere DSGVO-Richtlinie.<\/p>\n\n\n\n<p>Die Datenbanken sind durch die Verpflichtungen des Gesetzes vom 1. Juli 1998 gesch\u00fctzt, das die Richtlinie 96\/9 vom 11. M\u00e4rz 1996 \u00fcber den rechtlichen Schutz von Datenbanken(BDD) umsetzt.<\/p>","protected":false},"excerpt":{"rendered":"<p>In \u00dcbereinstimmung mit den Verpflichtungen aus Artikel 6-III und 19 des Gesetzes Nr. 2004-575 vom 21. Juni 2004 \u00fcber das Vertrauen in die digitale Wirtschaft, auch L.C.E.N. genannt, informieren wir die Nutzer der Website: auxsonsdescloches.com \u00fcber die nachstehenden Informationen: Die Website auxsonsdescloches.com ist alleiniges Eigentum von Sci Aux Sons des Cloches. 1. Gesetzliche Angaben: Sci Aux Sons des Cloches \u2013 Nummer\u2026<\/p>","protected":false},"author":1,"featured_media":0,"parent":0,"menu_order":0,"comment_status":"closed","ping_status":"closed","template":"","meta":{"_kadence_starter_templates_imported_post":false,"_kad_post_transparent":"","_kad_post_title":"show","_kad_post_layout":"narrow","_kad_post_sidebar_id":"","_kad_post_content_style":"default","_kad_post_vertical_padding":"","_kad_post_feature":"","_kad_post_feature_position":"","_kad_post_header":false,"_kad_post_footer":false,"_kad_post_classname":"","slim_seo":{"noindex":"1","title":"Impressum - Zu den Kl\u00e4ngen der Glocken","description":"In \u00dcbereinstimmung mit den Verpflichtungen aus Artikel 6-III und 19 des Gesetzes Nr. 2004-575 vom 21. Juni 2004 \u00fcber das Vertrauen in die digitale Wirtschaft, genannt L.C.E.N.,"},"footnotes":""},"class_list":["post-252","page","type-page","status-publish","hentry"],"_links":{"self":[{"href":"https:\/\/auxsonsdescloches.com\/de\/wp-json\/wp\/v2\/pages\/252","targetHints":{"allow":["GET"]}}],"collection":[{"href":"https:\/\/auxsonsdescloches.com\/de\/wp-json\/wp\/v2\/pages"}],"about":[{"href":"https:\/\/auxsonsdescloches.com\/de\/wp-json\/wp\/v2\/types\/page"}],"author":[{"embeddable":true,"href":"https:\/\/auxsonsdescloches.com\/de\/wp-json\/wp\/v2\/users\/1"}],"replies":[{"embeddable":true,"href":"https:\/\/auxsonsdescloches.com\/de\/wp-json\/wp\/v2\/comments?post=252"}],"version-history":[{"count":7,"href":"https:\/\/auxsonsdescloches.com\/de\/wp-json\/wp\/v2\/pages\/252\/revisions"}],"predecessor-version":[{"id":2139,"href":"https:\/\/auxsonsdescloches.com\/de\/wp-json\/wp\/v2\/pages\/252\/revisions\/2139"}],"wp:attachment":[{"href":"https:\/\/auxsonsdescloches.com\/de\/wp-json\/wp\/v2\/media?parent=252"}],"curies":[{"name":"WordPress","href":"https:\/\/api.w.org\/{rel}","templated":true}]}}